{"id":56,"date":"2018-03-03T18:29:53","date_gmt":"2018-03-03T18:29:53","guid":{"rendered":"http:\/\/www.yiddishparis.com\/?page_id=56"},"modified":"2025-02-02T15:33:59","modified_gmt":"2025-02-02T15:33:59","slug":"inscription","status":"publish","type":"page","link":"https:\/\/www.yiddishparis.com\/fr\/inscription\/","title":{"rendered":"Inscription"},"content":{"rendered":"\n<h2 class=\"wp-block-heading\">Frais de scolarit\u00e9<\/h2>\n\n\n\n<p>Programme <strong>en pr\u00e9sentiel<\/strong> (cours et programme culturel) : 750 \u20ac.<\/p>\n\n\n<a class=\"maxbutton-1 maxbutton maxbutton-s-inscrire-programme-presentiel\" target=\"_blank\" rel=\"noopener\" href=\"https:\/\/www.helloasso.com\/associations\/maison-de-la-culture-yiddish-bibliotheque-medem\/evenements\/yiddish-in-paris-2025\"><span class='mb-text'>S&#039;inscrire<\/span><\/a>\n\n\n\n<p><em>Les personnes rencontrant des difficult\u00e9s financi\u00e8res peuvent demander l\u2019attribution d\u2019une bourse sur crit\u00e8res d&rsquo;\u00e9ligibilit\u00e9 (voir ci-dessous).<\/em><\/p>\n\n\n\n<h2 class=\"wp-block-heading\">Niveaux<\/h2>\n\n\n\n<p>Lors de votre inscription, vous estimez le niveau qui vous correspond le mieux. La Maison de la culture yiddish pourra n\u00e9anmoins vous diriger vers un autre niveau si nous estimons celui-ci plus adapt\u00e9 \u00e0 vos besoins.<\/p>\n\n\n\n<p>Si vous ne savez quel niveau choisir, \u00e9crivez-nous : yiddishinparis2025@gmail.com<\/p>\n\n\n\n<h2 class=\"wp-block-heading\">Accessibilit\u00e9<\/h2>\n\n\n\n<p>Si vous avez des besoins sp\u00e9cifiques, merci de nous l&rsquo;indiquer dans le formulaire d&rsquo;inscription. Pour toute question concernant l&rsquo;accessibilit\u00e9 du programme, \u00e9crivez-nous : yiddishinparis2025@gmail.com<\/p>\n\n\n\n<h2 class=\"wp-block-heading\">Conditions d\u2019annulation<\/h2>\n\n\n\n<p>En cas d\u2019annulation jusqu&rsquo;au 6 juin 2025, l\u2019inscription sera rembours\u00e9e, \u00e0 l\u2019exclusion d\u2019une somme forfaitaire de 50 \u20ac. En cas d\u2019annulation apr\u00e8s cette date, aucun remboursement ne pourra \u00eatre effectu\u00e9.<\/p>\n\n\n\n<h2 class=\"wp-block-heading\">Bourses<\/h2>\n\n\n\n<p>Pour faire une demande de bourse, veuillez nous faire parvenir un CV et une lettre de motivation. Si vous souhaitez vous inscrire aux niveaux 3 &#8211; 5, celle-ci devra \u00eatre r\u00e9dig\u00e9e en yiddish. Les demandes sont examin\u00e9es au fur et \u00e0 mesure en fonction de crit\u00e8res d&rsquo;\u00e9ligibilit\u00e9. Contact : yiddishinparis2025@gmail.com <\/p>\n\n\n\n<h2 class=\"wp-block-heading\">R\u00e9servation sur le site Helloasso<\/h2>\n\n\n\n<p>Vous pouvez r\u00e9gler directement votre inscription sur le site Helloasso (boutons \u00ab\u00a0Inscription\u00a0\u00bb ci-dessus).<\/p>\n\n\n\n<p>Au moment du r\u00e8glement, la plateforme Helloassso vous proposera d\u2019ajouter une contribution \u00e0 son fonctionnement. Celle-ci est optionnelle, et vous pouvez modifier son montant ou l\u2019annuler enti\u00e8rement en cliquant sur \u00ab Modifier \u00bb.<\/p>\n\n\n\n<h2 class=\"wp-block-heading\">Participer par un don au financement des bourses sur Helloasso<\/h2>\n\n\n\n<p>La plateforme Helloasso vous proposera \u00e9galement une contribution optionnelle pour soutenir la Maison de la culture yiddish. Si vous souhaitez faire un don, sachez qu\u2019il servira \u00e0 financer les bourses destin\u00e9es aux \u00e9tudiantes et \u00e9tudiants de l\u2019Universit\u00e9 d\u2019\u00e9t\u00e9.<\/p>\n\n\n\n<p>\u00a0<\/p>\n<p>\u00a0<\/p>\n","protected":false},"excerpt":{"rendered":"<p>Frais de scolarit\u00e9 Programme en pr\u00e9sentiel (cours et programme culturel) : 750 \u20ac. Les personnes rencontrant des difficult\u00e9s financi\u00e8res peuvent demander l\u2019attribution d\u2019une bourse sur crit\u00e8res d&rsquo;\u00e9ligibilit\u00e9 (voir ci-dessous). Niveaux Lors de votre inscription, vous estimez le niveau qui vous correspond le mieux. La Maison de la culture yiddish pourra n\u00e9anmoins vous diriger vers un &hellip; <\/p>\n<p class=\"link-more\"><a href=\"https:\/\/www.yiddishparis.com\/fr\/inscription\/\" class=\"more-link\">Continuer la lecture<span class=\"screen-reader-text\"> de &laquo;&nbsp;Inscription&nbsp;&raquo;<\/span><\/a><\/p>\n","protected":false},"author":8,"featured_media":0,"parent":0,"menu_order":0,"comment_status":"closed","ping_status":"closed","template":"","meta":{"_monsterinsights_skip_tracking":false,"_monsterinsights_sitenote_active":false,"_monsterinsights_sitenote_note":"","_monsterinsights_sitenote_category":0},"_links":{"self":[{"href":"https:\/\/www.yiddishparis.com\/fr\/wp-json\/wp\/v2\/pages\/56"}],"collection":[{"href":"https:\/\/www.yiddishparis.com\/fr\/wp-json\/wp\/v2\/pages"}],"about":[{"href":"https:\/\/www.yiddishparis.com\/fr\/wp-json\/wp\/v2\/types\/page"}],"author":[{"embeddable":true,"href":"https:\/\/www.yiddishparis.com\/fr\/wp-json\/wp\/v2\/users\/8"}],"replies":[{"embeddable":true,"href":"https:\/\/www.yiddishparis.com\/fr\/wp-json\/wp\/v2\/comments?post=56"}],"version-history":[{"count":10,"href":"https:\/\/www.yiddishparis.com\/fr\/wp-json\/wp\/v2\/pages\/56\/revisions"}],"predecessor-version":[{"id":1481,"href":"https:\/\/www.yiddishparis.com\/fr\/wp-json\/wp\/v2\/pages\/56\/revisions\/1481"}],"wp:attachment":[{"href":"https:\/\/www.yiddishparis.com\/fr\/wp-json\/wp\/v2\/media?parent=56"}],"curies":[{"name":"wp","href":"https:\/\/api.w.org\/{rel}","templated":true}]}}