{"id":1542,"date":"2025-03-26T17:52:10","date_gmt":"2025-03-26T17:52:10","guid":{"rendered":"https:\/\/www.yiddishparis.com\/?page_id=1542"},"modified":"2025-03-26T17:52:11","modified_gmt":"2025-03-26T17:52:11","slug":"visites-guidees","status":"publish","type":"page","link":"https:\/\/www.yiddishparis.com\/fr\/visites-guidees\/","title":{"rendered":"Visites guid\u00e9es"},"content":{"rendered":"\n<h2 class=\"wp-block-heading\">A la d\u00e9couverte des artistes juifs de l\u2019Ecole de Paris &#8211; Fanny Barbaray<\/h2>\n\n\n\n<p>Les artistes juifs ont marqu\u00e9 le Montparnasse du d\u00e9but du XX<sup>e<\/sup>\u00a0si\u00e8cle. D\u00e9fiant la tradition, ils ont d\u00e9clench\u00e9 un mouvement sans pr\u00e9c\u00e9dent dans le monde juif et laiss\u00e9 leur empreinte dans l&rsquo;histoire de l&rsquo;art. La Maison de la culture yiddish propose d&rsquo;aller \u00e0 leur rencontre par le biais de visites et d&rsquo;ateliers. Mus\u00e9es, lieux de vie, r\u00e9cits en yiddish font revivre Chagall, Modigliani, Kisling et bien d\u2019autres.<\/p>\n\n\n\n<p>Ces promenades dans des lieux mythiques mettent en relief l\u2019histoire des artistes. Elles permettent de d\u00e9couvrir leur quotidien dans ce Montparnasse des ann\u00e9es 1920, leurs aspirations, leurs succ\u00e8s et leurs \u00e9checs.<\/p>\n\n\n\n<ul>\n<li>La cit\u00e9 d\u2019artistes La Ruche (sous r\u00e9serve de l\u2019accord du collectif des artistes de la Ruche). A d\u00e9faut&nbsp;: les Caf\u00e9s du Carrefour Vavin<\/li>\n\n\n\n<li>Les cit\u00e9s d\u2019artistes du chemin du Montparnasse et de la cit\u00e9 Falgui\u00e8re<\/li>\n\n\n\n<li>Les immeubles d\u2019artistes des rues Campagne-Premi\u00e8re et Joseph-Bara<\/li>\n<\/ul>\n\n\n\n<h2 class=\"wp-block-heading\">Atelier de lecture &#8211; Fanny Barbaray<\/h2>\n\n\n\n<p>En compl\u00e9ment des visites, cet atelier mettra en lumi\u00e8re cette p\u00e9riode au travers des textes en yiddish tir\u00e9s de l\u2019ouvrage de <strong>Chil Aronson &#8211; Sc\u00e8nes et visages de Montparnasse<\/strong> (Pr\u00e9face de Marc Chagall. Paris, 1963) qui demeure un ouvrage sans \u00e9quivalent pour l\u2019histoire des peintres juifs \u00e0 Paris pendant la premi\u00e8re moiti\u00e9 du XXe si\u00e8cle.\u00a0<\/p>\n\n\n\n<p>La lecture courante de textes simples en yiddish est requise.<\/p>\n\n\n\n<h2 class=\"wp-block-heading\">Le Paris Yiddish &#8211; Samy Starowiecki<\/h2>\n\n\n\n<p>Passionn\u00e9 par Paris, son histoire et la diversit\u00e9 de ses rues et quartiers, j\u2019ai le plaisir\u00a0 depuis 8 ans de faire d\u00e9couvrir la ville\u00a0 \u00e0 des visiteurs fran\u00e7ais et \u00e9trangers.\u00a0 Si vous \u00eates amateur d\u2019histoire, ou voulez simplement vous balader, je vous propose de d\u00e9couvrir en yiddish les lieux et \u00e9v\u00e8nements qui ont marqu\u00e9 la tr\u00e8s ancienne pr\u00e9sence juive \u00e0 Paris.<\/p>\n\n\n\n<p>Notre premi\u00e8re balade nous emm\u00e8nera sur la rive gauche, \u00e0 la d\u00e9couverte de la pr\u00e9sence juive au c\u0153ur de Paris depuis les origines. Du VIe si\u00e8cle \u00e0 leur derni\u00e8re expulsion en 1394, les Juifs ont marqu\u00e9 le quartier par leur pr\u00e9sence. Nous revivrons leur histoire mouvement\u00e9e, les traces laiss\u00e9es sur la cath\u00e9drale Notre Dame, ainsi que des histoires et anecdotes sur l\u2019ancien cimeti\u00e8re juif, la yeshiva, le proc\u00e8s du Talmud ainsi que l\u2019\u00e9volution de la place des Juifs dans la soci\u00e9t\u00e9 du moyen \u00e2ge.<\/p>\n\n\n\n<p>Notre deuxi\u00e8me promenade nous emm\u00e8nera sur la rive droite, de la Bastille au Pletzl. Nous d\u00e9couvrirons le quartier historique du Marais, de ses h\u00f4tels particuliers \u00e0 la place des Vosges et de la pr\u00e9sence juive centrale dans le quartier \u00e0 plusieurs \u00e9poques, du Moyen Age \u00e0 nos jours, au travers de leurs institutions et vie quotidienne.<\/p>\n\n\n\n<h2 class=\"wp-block-heading\">Visite du Mus\u00e9e d&rsquo;Art et d&rsquo;Histoire du Juda\u00efsme &#8211; Samy Starowiecki<\/h2>\n\n\n\n<p>Situ\u00e9 au c\u0153ur de Paris, le mus\u00e9e d\u2019art juif pr\u00e9sente une nouvelle exposition sur Alfred Dreyfus. Au tournant du vingti\u00e8me si\u00e8cle, l\u2019affaire qui a d\u00e9chir\u00e9 la France aura \u00e9galement des r\u00e9percussions \u00e0 long terme. La visite de l\u2019exposition permettra de mieux connaitre la personnalit\u00e9 du capitaine Dreyfus et du combat qu\u2019il a men\u00e9 pour sa lib\u00e9ration et sa r\u00e9habilitation.<\/p>\n","protected":false},"excerpt":{"rendered":"<p>A la d\u00e9couverte des artistes juifs de l\u2019Ecole de Paris &#8211; Fanny Barbaray Les artistes juifs ont marqu\u00e9 le Montparnasse du d\u00e9but du XXe\u00a0si\u00e8cle. D\u00e9fiant la tradition, ils ont d\u00e9clench\u00e9 un mouvement sans pr\u00e9c\u00e9dent dans le monde juif et laiss\u00e9 leur empreinte dans l&rsquo;histoire de l&rsquo;art. La Maison de la culture yiddish propose d&rsquo;aller \u00e0 &hellip; <\/p>\n<p class=\"link-more\"><a href=\"https:\/\/www.yiddishparis.com\/fr\/visites-guidees\/\" class=\"more-link\">Continuer la lecture<span class=\"screen-reader-text\"> de &laquo;&nbsp;Visites guid\u00e9es&nbsp;&raquo;<\/span><\/a><\/p>\n","protected":false},"author":9,"featured_media":0,"parent":0,"menu_order":0,"comment_status":"closed","ping_status":"closed","template":"","meta":{"_monsterinsights_skip_tracking":false,"_monsterinsights_sitenote_active":false,"_monsterinsights_sitenote_note":"","_monsterinsights_sitenote_category":0},"_links":{"self":[{"href":"https:\/\/www.yiddishparis.com\/fr\/wp-json\/wp\/v2\/pages\/1542"}],"collection":[{"href":"https:\/\/www.yiddishparis.com\/fr\/wp-json\/wp\/v2\/pages"}],"about":[{"href":"https:\/\/www.yiddishparis.com\/fr\/wp-json\/wp\/v2\/types\/page"}],"author":[{"embeddable":true,"href":"https:\/\/www.yiddishparis.com\/fr\/wp-json\/wp\/v2\/users\/9"}],"replies":[{"embeddable":true,"href":"https:\/\/www.yiddishparis.com\/fr\/wp-json\/wp\/v2\/comments?post=1542"}],"version-history":[{"count":2,"href":"https:\/\/www.yiddishparis.com\/fr\/wp-json\/wp\/v2\/pages\/1542\/revisions"}],"predecessor-version":[{"id":1544,"href":"https:\/\/www.yiddishparis.com\/fr\/wp-json\/wp\/v2\/pages\/1542\/revisions\/1544"}],"wp:attachment":[{"href":"https:\/\/www.yiddishparis.com\/fr\/wp-json\/wp\/v2\/media?parent=1542"}],"curies":[{"name":"wp","href":"https:\/\/api.w.org\/{rel}","templated":true}]}}