{"id":1504,"date":"2025-03-18T15:02:35","date_gmt":"2025-03-18T15:02:35","guid":{"rendered":"https:\/\/www.yiddishparis.com\/?page_id=1504"},"modified":"2025-03-18T15:02:38","modified_gmt":"2025-03-18T15:02:38","slug":"descriptif-des-cours","status":"publish","type":"page","link":"https:\/\/www.yiddishparis.com\/fr\/descriptif-des-cours\/","title":{"rendered":"Descriptif des cours"},"content":{"rendered":"\n\n\n<h2 class=\"wp-block-heading\"><strong>Clarisse Brossard<\/strong><\/h2>\n\n\n\n<p><strong>Niveaux 1 et 2&nbsp;:<\/strong> J&rsquo;enseignerai la grammaire \u00e9l\u00e9mentaire en utilisant une approche inductive, c&rsquo;est-\u00e0-dire en partant d&rsquo;exemples concrets. Chaque point de grammaire fera l&rsquo;objet d&rsquo;un entra\u00eenement sp\u00e9cifique : exercices structuraux et \/ ou bas\u00e9s sur la m\u00e9thode communicative.<\/p>\n\n\n\n<h2 class=\"wp-block-heading\"><strong>Malena Chinsky<\/strong><\/h2>\n\n\n\n<p><strong>Niveaux 1 et 3&nbsp;: <\/strong>Dans mes cours, je mettrai l&rsquo;accent sur les comp\u00e9tences de communication et le vocabulaire qui leur est associ\u00e9 dans diverses situations. Ces \u00e9l\u00e9ments seront articul\u00e9s avec les points de grammaire abord\u00e9s par mes coll\u00e8gues ou moi-m\u00eame. Je m\u2019appuierai sur des chansons et des contenus culturels divers.<\/p>\n\n\n\n<h2 class=\"wp-block-heading\"><strong>Sonia Dratwa<\/strong><\/h2>\n\n\n\n<p><strong>Niveaux 2<\/strong> <strong>et 3&nbsp;: <\/strong>Tr\u00e8s interactif, monenseignement favorise l&rsquo;engagement et la participation des \u00e9tudiants. La relation \u00e9tudiant\/enseignantest le principe directeur qui guide l&rsquo;apprentissage. La discussion,lesd\u00e9bats et de courtes pr\u00e9sentations orales ne sont que quelques moyens d&rsquo;\u00e9tudier, de comprendre et d&rsquo;interpr\u00e9ter les textes litt\u00e9raires et culturels choisis pour chaque niveau de classe. La litt\u00e9rature (po\u00e8mes, chansons, nouvelles) sert \u00e0 compl\u00e9ter et \u00e0 mettre en valeur la grammaire enseign\u00e9e dans la classe parall\u00e8le.<\/p>\n\n\n\n<h2 class=\"wp-block-heading\"><strong>Arnaud Bikard<\/strong><\/h2>\n\n\n\n<p><strong>Niveau 4 <\/strong>: <strong>Les&nbsp;contes de Chelm dans la litt\u00e9rature et le folklore yiddish<\/strong><\/p>\n\n\n\n<p>Les contes de Chelm, tradition comique d\u00e9crivant les d\u00e9cisions absurdes de \u00ab\u00a0sages\u00a0\u00bb imb\u00e9ciles, constituent la porte d&rsquo;entr\u00e9e id\u00e9ale vers une riche s\u00e9rie de textes litt\u00e9raires traversant toute l&rsquo;histoire de la litt\u00e9rature yiddish moderne, d&rsquo;Ayzik Meyer Dik \u00e0 Yankev Glatshteyn. Ce cours se fondera sur l&rsquo;analyse linguistique et litt\u00e9raire des textes qui serviront de point de d\u00e9part pour des discussions orales et des compositions \u00e9crites.&nbsp;<\/p>\n\n\n\n<p><strong>Niveau 5<\/strong> : <strong>Don Quichotte dans la litt\u00e9rature yiddish<\/strong><\/p>\n\n\n\n<p>Don Quichotte est un symbole de la litt\u00e9rature mondiale que les lettres yiddish n&rsquo;ont pas ignor\u00e9. Depuis Mendele Moykher Sforim, dont un roman est une r\u00e9\u00e9criture du roman de Cervant\u00e8s, jusqu&rsquo;\u00e0 H. Leyvik dont plusieurs po\u00e8mes sont inspir\u00e9s par le chevalier \u00e0 la triste figure, en passant par les nombreuses traductions du roman espagnol, nous suivrons les pas du hidalgo en langue yiddish. Ce cours se fondera sur l&rsquo;analyse linguistique et litt\u00e9raire des textes qui serviront de point de d\u00e9part pour des discussions orales et des compositions \u00e9crites.&nbsp;<\/p>\n\n\n\n<h2 class=\"wp-block-heading\"><strong>Yitskhok Niborski<\/strong><\/h2>\n\n\n\n<p><strong>Niveau 5<\/strong>, 1<sup>\u00e8re<\/sup> semaine : <strong>Grands po\u00e8tes pour des petits lecteurs<\/strong><\/p>\n\n\n\n<p>Un nombre remarquable de po\u00e9tesses et de po\u00e8tes yiddish de renom ont \u00e9crit non seulement pour les adultes, mais aussi pour des enfants. Pendant les cinq rencontres de ce cycle de cours, nous commenterons des po\u00e8mes pour enfants publi\u00e9s par des auteurs tels que Yehoyesh (1870-1927), Eliezer Shteinbarg (1880-1932), Mani Leyb (1883-1953), Miryam Ulinover (1890-1944), Leyb Kvitko (1890-1952), Kadye Molodovski (1894-1975) et d\u2019autres. Nous \u00e9tudierons les circonstances historiques ayant pr\u00e9sid\u00e9 \u00e0 leur travail, leurs liens avec l\u2019\u00e9cole yiddish moderne et la convergence au sein de leurs \u0153uvres entre des motifs universels et d\u2019autres sp\u00e9cifiquement juifs, li\u00e9s au folklore ou \u00e0 l\u2019\u00e9ducation religieuse. Les le\u00e7ons auront lieu pendant la premi\u00e8re semaine de l\u2019universit\u00e9 d\u2019\u00e9t\u00e9 ; les participants auront l\u2019option de rendre pendant la deuxi\u00e8me semaine un travail \u00e9crit sur le sujet, qui leur donnera l\u2019occasion de tirer des conclusions personnelles et de recevoir, si n\u00e9cessaire, des observations sur leur usage de la langue.<\/p>\n","protected":false},"excerpt":{"rendered":"<p>Clarisse Brossard Niveaux 1 et 2&nbsp;: J&rsquo;enseignerai la grammaire \u00e9l\u00e9mentaire en utilisant une approche inductive, c&rsquo;est-\u00e0-dire en partant d&rsquo;exemples concrets. Chaque point de grammaire fera l&rsquo;objet d&rsquo;un entra\u00eenement sp\u00e9cifique : exercices structuraux et \/ ou bas\u00e9s sur la m\u00e9thode communicative. Malena Chinsky Niveaux 1 et 3&nbsp;: Dans mes cours, je mettrai l&rsquo;accent sur les comp\u00e9tences &hellip; <\/p>\n<p class=\"link-more\"><a href=\"https:\/\/www.yiddishparis.com\/fr\/descriptif-des-cours\/\" class=\"more-link\">Continuer la lecture<span class=\"screen-reader-text\"> de &laquo;&nbsp;Descriptif des cours&nbsp;&raquo;<\/span><\/a><\/p>\n","protected":false},"author":9,"featured_media":0,"parent":0,"menu_order":0,"comment_status":"closed","ping_status":"closed","template":"","meta":{"_monsterinsights_skip_tracking":false,"_monsterinsights_sitenote_active":false,"_monsterinsights_sitenote_note":"","_monsterinsights_sitenote_category":0},"_links":{"self":[{"href":"https:\/\/www.yiddishparis.com\/fr\/wp-json\/wp\/v2\/pages\/1504"}],"collection":[{"href":"https:\/\/www.yiddishparis.com\/fr\/wp-json\/wp\/v2\/pages"}],"about":[{"href":"https:\/\/www.yiddishparis.com\/fr\/wp-json\/wp\/v2\/types\/page"}],"author":[{"embeddable":true,"href":"https:\/\/www.yiddishparis.com\/fr\/wp-json\/wp\/v2\/users\/9"}],"replies":[{"embeddable":true,"href":"https:\/\/www.yiddishparis.com\/fr\/wp-json\/wp\/v2\/comments?post=1504"}],"version-history":[{"count":4,"href":"https:\/\/www.yiddishparis.com\/fr\/wp-json\/wp\/v2\/pages\/1504\/revisions"}],"predecessor-version":[{"id":1510,"href":"https:\/\/www.yiddishparis.com\/fr\/wp-json\/wp\/v2\/pages\/1504\/revisions\/1510"}],"wp:attachment":[{"href":"https:\/\/www.yiddishparis.com\/fr\/wp-json\/wp\/v2\/media?parent=1504"}],"curies":[{"name":"wp","href":"https:\/\/api.w.org\/{rel}","templated":true}]}}